{"id":42,"date":"2025-02-03T09:26:37","date_gmt":"2025-02-03T08:26:37","guid":{"rendered":"https:\/\/campinglesjorets.fr\/index.php\/services\/"},"modified":"2026-01-13T08:58:49","modified_gmt":"2026-01-13T07:58:49","slug":"le-lieu","status":"publish","type":"page","link":"https:\/\/campinglesjorets.fr\/index.php\/le-lieu\/","title":{"rendered":"Le lieu"},"content":{"rendered":"\t\t<div data-elementor-type=\"wp-page\" data-elementor-id=\"42\" class=\"elementor elementor-42\" data-elementor-post-type=\"page\">\n\t\t\t\t<div class=\"elementor-element elementor-element-5bcb869 e-flex e-con-boxed e-con e-parent\" data-id=\"5bcb869\" data-element_type=\"container\" data-settings=\"{&quot;background_background&quot;:&quot;slideshow&quot;,&quot;background_slideshow_gallery&quot;:[{&quot;id&quot;:389,&quot;url&quot;:&quot;https:\\\/\\\/campinglesjorets.fr\\\/wp-content\\\/uploads\\\/2025\\\/02\\\/DJI_0861.jpg&quot;},{&quot;id&quot;:381,&quot;url&quot;:&quot;https:\\\/\\\/campinglesjorets.fr\\\/wp-content\\\/uploads\\\/2025\\\/02\\\/DJI_0841.jpg&quot;},{&quot;id&quot;:383,&quot;url&quot;:&quot;https:\\\/\\\/campinglesjorets.fr\\\/wp-content\\\/uploads\\\/2025\\\/02\\\/DJI_0897.JPG-1800.jpg&quot;}],&quot;background_slideshow_loop&quot;:&quot;yes&quot;,&quot;background_slideshow_slide_duration&quot;:5000,&quot;background_slideshow_slide_transition&quot;:&quot;fade&quot;,&quot;background_slideshow_transition_duration&quot;:500}\">\n\t\t\t\t\t<div class=\"e-con-inner\">\n\t\t\t\t<div class=\"elementor-element elementor-element-4db4136 elementor-invisible elementor-widget elementor-widget-heading\" data-id=\"4db4136\" data-element_type=\"widget\" data-settings=\"{&quot;_animation&quot;:&quot;fadeInDown&quot;}\" data-widget_type=\"heading.default\">\n\t\t\t\t<div class=\"elementor-widget-container\">\n\t\t\t\t\t<h6 class=\"elementor-heading-title elementor-size-default\">le lieu <\/h6>\t\t\t\t<\/div>\n\t\t\t\t<\/div>\n\t\t\t\t<div class=\"elementor-element elementor-element-ef16978 elementor-invisible elementor-widget elementor-widget-heading\" data-id=\"ef16978\" data-element_type=\"widget\" data-settings=\"{&quot;_animation&quot;:&quot;slideInUp&quot;}\" data-widget_type=\"heading.default\">\n\t\t\t\t<div class=\"elementor-widget-container\">\n\t\t\t\t\t<h2 class=\"elementor-heading-title elementor-size-default\">Une invitation vers les sommets  dans un panorama d\u2019exception...<\/h2>\t\t\t\t<\/div>\n\t\t\t\t<\/div>\n\t\t\t\t<div class=\"elementor-element elementor-element-29b60b4d elementor-widget elementor-widget-heading\" data-id=\"29b60b4d\" data-element_type=\"widget\" data-widget_type=\"heading.default\">\n\t\t\t\t<div class=\"elementor-widget-container\">\n\t\t\t\t\t<h5 class=\"elementor-heading-title elementor-size-default\">Souhaitez-vous faire partie des privil\u00e9gi\u00e9s \u00e0 profiter de ce lieu unique ?\u200b<\/h5>\t\t\t\t<\/div>\n\t\t\t\t<\/div>\n\t\t\t\t\t<\/div>\n\t\t\t\t<\/div>\n\t\t<div class=\"elementor-element elementor-element-d837182 e-con-full e-flex e-con e-parent\" data-id=\"d837182\" data-element_type=\"container\" data-settings=\"{&quot;background_background&quot;:&quot;classic&quot;}\">\n\t\t<div class=\"elementor-element elementor-element-16617889 e-con-full e-flex e-con e-child\" data-id=\"16617889\" data-element_type=\"container\" data-settings=\"{&quot;background_background&quot;:&quot;classic&quot;}\">\n\t\t\t\t<div class=\"elementor-element elementor-element-ca45e47 elementor-invisible elementor-widget elementor-widget-heading\" data-id=\"ca45e47\" data-element_type=\"widget\" data-settings=\"{&quot;_animation&quot;:&quot;fadeInDown&quot;}\" data-widget_type=\"heading.default\">\n\t\t\t\t<div class=\"elementor-widget-container\">\n\t\t\t\t\t<h6 class=\"elementor-heading-title elementor-size-default\">Prenez un peu de hauteur...<\/h6>\t\t\t\t<\/div>\n\t\t\t\t<\/div>\n\t\t\t\t<div class=\"elementor-element elementor-element-448ba0e elementor-invisible elementor-widget elementor-widget-heading\" data-id=\"448ba0e\" data-element_type=\"widget\" data-settings=\"{&quot;_animation&quot;:&quot;slideInUp&quot;}\" data-widget_type=\"heading.default\">\n\t\t\t\t<div class=\"elementor-widget-container\">\n\t\t\t\t\t<h2 class=\"elementor-heading-title elementor-size-default\">Poussez la porte de ce petit camping d\u2019alpage au COEUR de la flore alpine\u2026<\/h2>\t\t\t\t<\/div>\n\t\t\t\t<\/div>\n\t\t\t\t<div class=\"elementor-element elementor-element-7a8af53e elementor-widget elementor-widget-text-editor\" data-id=\"7a8af53e\" data-element_type=\"widget\" data-widget_type=\"text-editor.default\">\n\t\t\t\t<div class=\"elementor-widget-container\">\n\t\t\t\t\t\t\t\t\t<div class=\"x11i5rnm xat24cr x1mh8g0r x1vvkbs xtlvy1s x126k92a\"><div dir=\"auto\"><p>Petite entreprise familiale, j\u2019ai \u00e0 c\u0153ur de perp\u00e9tuer cette activit\u00e9 pour nos habitu\u00e9s et nouveaux clients afin de leur ouvrir les portes de cet emplacement privil\u00e9gi\u00e9 qui nous invite \u00e0 prendre le temps de vivre autrement au milieu des montagnes.<\/p><p>Besoin de se recentrer sur soi-m\u00eame, d\u2019arriver \u00e0 prendre le temps, du calme et de la fra\u00eecheur, des activit\u00e9s sportives, appr\u00e9cier la nature et ses animaux, s\u2019inspirer des traditions et des coutumes locales ? <br \/>Vous serez charm\u00e9 par cet endroit envelopp\u00e9 par le spectacle des sommets qui l\u2019entourent : un havre de paix et de d\u00e9connection.<br \/>C\u2019est avec simplicit\u00e9 que je cherche \u00e0 partager avec vous nos principes et nos valeurs, dans un des rares petits campings en alpage \u00e0 1740 m\u00e8tres d&rsquo;altitude.<\/p><\/div><\/div>\t\t\t\t\t\t\t\t<\/div>\n\t\t\t\t<\/div>\n\t\t\t\t<\/div>\n\t\t<div class=\"elementor-element elementor-element-2fc43e48 e-con-full e-flex e-con e-child\" data-id=\"2fc43e48\" data-element_type=\"container\" data-settings=\"{&quot;background_background&quot;:&quot;classic&quot;}\">\n\t\t\t\t<\/div>\n\t\t\t\t<\/div>\n\t\t<div class=\"elementor-element elementor-element-1df27a2 e-con-full e-flex e-con e-parent\" data-id=\"1df27a2\" data-element_type=\"container\" data-settings=\"{&quot;background_background&quot;:&quot;classic&quot;}\">\n\t\t<div class=\"elementor-element elementor-element-769d8d9 e-con-full e-flex e-con e-child\" data-id=\"769d8d9\" data-element_type=\"container\" data-settings=\"{&quot;background_background&quot;:&quot;classic&quot;}\">\n\t\t\t\t<\/div>\n\t\t<div class=\"elementor-element elementor-element-ada44dc e-con-full e-flex e-con e-child\" data-id=\"ada44dc\" data-element_type=\"container\" data-settings=\"{&quot;background_background&quot;:&quot;classic&quot;}\">\n\t\t\t\t<div class=\"elementor-element elementor-element-8a7ed95 elementor-invisible elementor-widget elementor-widget-heading\" data-id=\"8a7ed95\" data-element_type=\"widget\" data-settings=\"{&quot;_animation&quot;:&quot;fadeInDown&quot;}\" data-widget_type=\"heading.default\">\n\t\t\t\t<div class=\"elementor-widget-container\">\n\t\t\t\t\t<h6 class=\"elementor-heading-title elementor-size-default\">pour tous<\/h6>\t\t\t\t<\/div>\n\t\t\t\t<\/div>\n\t\t\t\t<div class=\"elementor-element elementor-element-298f922 elementor-invisible elementor-widget elementor-widget-heading\" data-id=\"298f922\" data-element_type=\"widget\" data-settings=\"{&quot;_animation&quot;:&quot;slideInUp&quot;}\" data-widget_type=\"heading.default\">\n\t\t\t\t<div class=\"elementor-widget-container\">\n\t\t\t\t\t<h2 class=\"elementor-heading-title elementor-size-default\">En tente ou en van ?<\/h2>\t\t\t\t<\/div>\n\t\t\t\t<\/div>\n\t\t\t\t<div class=\"elementor-element elementor-element-b560aaa elementor-widget elementor-widget-text-editor\" data-id=\"b560aaa\" data-element_type=\"widget\" data-widget_type=\"text-editor.default\">\n\t\t\t\t<div class=\"elementor-widget-container\">\n\t\t\t\t\t\t\t\t\t<div class=\"x11i5rnm xat24cr x1mh8g0r x1vvkbs xtlvy1s x126k92a\"><div dir=\"auto\"><p>Venez profiter de la qui\u00e9tude en montagne sur des emplacements bien d\u00e9limit\u00e9s avec vue imprenable sur le Mont Blanc.<br \/>Deux blocs sanitaires avec eau chaude sont mis \u00e0 votre disposition ainsi qu\u2019un petit chalet type refuge pour partager de bons moments conviviaux.<\/p><\/div><\/div>\t\t\t\t\t\t\t\t<\/div>\n\t\t\t\t<\/div>\n\t\t\t\t<div class=\"elementor-element elementor-element-55b781a elementor-align-center elementor-widget elementor-widget-button\" data-id=\"55b781a\" data-element_type=\"widget\" data-widget_type=\"button.default\">\n\t\t\t\t<div class=\"elementor-widget-container\">\n\t\t\t\t\t\t\t\t\t<div class=\"elementor-button-wrapper\">\n\t\t\t\t\t<a class=\"elementor-button elementor-button-link elementor-size-sm\" href=\"https:\/\/campinglesjorets.fr\/index.php\/hebergement-tarifs\/\">\n\t\t\t\t\t\t<span class=\"elementor-button-content-wrapper\">\n\t\t\t\t\t\t\t\t\t<span class=\"elementor-button-text\">H\u00e9bergement &amp; tarifs<\/span>\n\t\t\t\t\t<\/span>\n\t\t\t\t\t<\/a>\n\t\t\t\t<\/div>\n\t\t\t\t\t\t\t\t<\/div>\n\t\t\t\t<\/div>\n\t\t\t\t<\/div>\n\t\t\t\t<\/div>\n\t\t<div class=\"elementor-element elementor-element-c709410 e-con-full e-flex e-con e-parent\" data-id=\"c709410\" data-element_type=\"container\" data-settings=\"{&quot;background_background&quot;:&quot;classic&quot;}\">\n\t\t<div class=\"elementor-element elementor-element-f196e14 e-con-full e-flex e-con e-child\" data-id=\"f196e14\" data-element_type=\"container\" data-settings=\"{&quot;background_background&quot;:&quot;classic&quot;}\">\n\t\t\t\t<div class=\"elementor-element elementor-element-886a6f7 elementor-invisible elementor-widget elementor-widget-heading\" data-id=\"886a6f7\" data-element_type=\"widget\" data-settings=\"{&quot;_animation&quot;:&quot;fadeInDown&quot;}\" data-widget_type=\"heading.default\">\n\t\t\t\t<div class=\"elementor-widget-container\">\n\t\t\t\t\t<h6 class=\"elementor-heading-title elementor-size-default\">Les differentes plateformes <\/h6>\t\t\t\t<\/div>\n\t\t\t\t<\/div>\n\t\t\t\t<div class=\"elementor-element elementor-element-2e83b4a elementor-invisible elementor-widget elementor-widget-heading\" data-id=\"2e83b4a\" data-element_type=\"widget\" data-settings=\"{&quot;_animation&quot;:&quot;slideInUp&quot;}\" data-widget_type=\"heading.default\">\n\t\t\t\t<div class=\"elementor-widget-container\">\n\t\t\t\t\t<h2 class=\"elementor-heading-title elementor-size-default\">Decouvrez les differentes plateformes de notre camping ! <\/h2>\t\t\t\t<\/div>\n\t\t\t\t<\/div>\n\t\t\t\t<div class=\"elementor-element elementor-element-32d1072 elementor-widget elementor-widget-text-editor\" data-id=\"32d1072\" data-element_type=\"widget\" data-widget_type=\"text-editor.default\">\n\t\t\t\t<div class=\"elementor-widget-container\">\n\t\t\t\t\t\t\t\t\t<div class=\"x11i5rnm xat24cr x1mh8g0r x1vvkbs xtlvy1s x126k92a\"><div dir=\"auto\"><p>La plateforme principale se trouve tout pr\u00e8s des sanitaires, la plateforme interm\u00e9diaire est situ\u00e9e \u00e0 environ 100 m, et la plateforme au sommet du camping, avec une belle vue sur la vall\u00e9e, se situe \u00e0 environ 170 m.<br \/>Chaque emplacement est accessible \u00e0 pied par des petits sentiers, et les voitures sont \u00e0 garer sur le parking \u00e0 l\u2019entr\u00e9e du camping afin de pr\u00e9server le calme et l\u2019esprit nature du lieu.<\/p><\/div><\/div>\t\t\t\t\t\t\t\t<\/div>\n\t\t\t\t<\/div>\n\t\t\t\t<\/div>\n\t\t<div class=\"elementor-element elementor-element-309f3c5 e-con-full e-flex e-con e-child\" data-id=\"309f3c5\" data-element_type=\"container\" data-settings=\"{&quot;background_background&quot;:&quot;classic&quot;}\">\n\t\t\t\t<\/div>\n\t\t\t\t<\/div>\n\t\t\t\t<\/div>\n\t\t","protected":false},"excerpt":{"rendered":"<p>le lieu Une invitation vers les sommets dans un panorama d\u2019exception&#8230; Souhaitez-vous faire partie des privil\u00e9gi\u00e9s \u00e0 profiter de ce lieu unique ?\u200b Prenez un peu de hauteur&#8230; Poussez la porte de ce petit camping d\u2019alpage au COEUR de la flore alpine\u2026 Petite entreprise familiale, j\u2019ai \u00e0 c\u0153ur de perp\u00e9tuer cette activit\u00e9 pour nos habitu\u00e9s [&hellip;]<\/p>\n","protected":false},"author":1,"featured_media":0,"parent":0,"menu_order":0,"comment_status":"closed","ping_status":"closed","template":"elementor_header_footer","meta":{"footnotes":""},"class_list":["post-42","page","type-page","status-publish","hentry"],"_links":{"self":[{"href":"https:\/\/campinglesjorets.fr\/index.php\/wp-json\/wp\/v2\/pages\/42","targetHints":{"allow":["GET"]}}],"collection":[{"href":"https:\/\/campinglesjorets.fr\/index.php\/wp-json\/wp\/v2\/pages"}],"about":[{"href":"https:\/\/campinglesjorets.fr\/index.php\/wp-json\/wp\/v2\/types\/page"}],"author":[{"embeddable":true,"href":"https:\/\/campinglesjorets.fr\/index.php\/wp-json\/wp\/v2\/users\/1"}],"replies":[{"embeddable":true,"href":"https:\/\/campinglesjorets.fr\/index.php\/wp-json\/wp\/v2\/comments?post=42"}],"version-history":[{"count":107,"href":"https:\/\/campinglesjorets.fr\/index.php\/wp-json\/wp\/v2\/pages\/42\/revisions"}],"predecessor-version":[{"id":1075,"href":"https:\/\/campinglesjorets.fr\/index.php\/wp-json\/wp\/v2\/pages\/42\/revisions\/1075"}],"wp:attachment":[{"href":"https:\/\/campinglesjorets.fr\/index.php\/wp-json\/wp\/v2\/media?parent=42"}],"curies":[{"name":"wp","href":"https:\/\/api.w.org\/{rel}","templated":true}]}}