{"id":2,"date":"2025-01-24T16:52:45","date_gmt":"2025-01-24T15:52:45","guid":{"rendered":"http:\/\/campinglesjorets.fr\/?page_id=2"},"modified":"2025-02-18T09:07:53","modified_gmt":"2025-02-18T08:07:53","slug":"mentions-legales","status":"publish","type":"page","link":"https:\/\/campinglesjorets.fr\/index.php\/mentions-legales\/","title":{"rendered":"Mentions l\u00e9gales"},"content":{"rendered":"\t\t<div data-elementor-type=\"wp-page\" data-elementor-id=\"2\" class=\"elementor elementor-2\" data-elementor-post-type=\"page\">\n\t\t\t\t<div class=\"elementor-element elementor-element-391c35c4 e-flex e-con-boxed e-con e-parent\" data-id=\"391c35c4\" data-element_type=\"container\" data-e-type=\"container\">\n\t\t\t\t\t<div class=\"e-con-inner\">\n\t\t\t\t<div class=\"elementor-element elementor-element-2b77ca13 elementor-widget elementor-widget-heading\" data-id=\"2b77ca13\" data-element_type=\"widget\" data-e-type=\"widget\" data-widget_type=\"heading.default\">\n\t\t\t\t<div class=\"elementor-widget-container\">\n\t\t\t\t\t<h2 class=\"elementor-heading-title elementor-size-default\">Mentions l\u00e9gales <\/h2>\t\t\t\t<\/div>\n\t\t\t\t<\/div>\n\t\t\t\t<div class=\"elementor-element elementor-element-22e02d64 elementor-widget elementor-widget-text-editor\" data-id=\"22e02d64\" data-element_type=\"widget\" data-e-type=\"widget\" data-widget_type=\"text-editor.default\">\n\t\t\t\t<div class=\"elementor-widget-container\">\n\t\t\t\t\t\t\t\t\t<p>Le site web www.campinglesjorets.fr est la propri\u00e9t\u00e9 de<\/p><div>&#8211; Bugand-Bugandet Clara EI<\/div><div>&#8211; n\u00b0 SIRET : 925 247 231 00010<\/div><div>&#8211; Appartement n\u00b02 &#8211; 1250 Rte de Champtardy\u00a0&#8211;\u00a073270 BEAUFORT<\/div><div>&#8211; 07 64 07 01 42<\/div><div>&#8211; <a href=\"mailto:campingdalpagelesjorets@gmail.com\">campingdalpagelesjorets@gmail.com<\/a><\/div><p><strong>Cr\u00e9ateur et h\u00e9bergement du site :<\/strong>\u00a0OVH Groupe SA, soci\u00e9t\u00e9 immatricul\u00e9e au RCS de Lille sous le num\u00e9ro 537 407 926 sise\u00a02, rue Kellermann, 59100 Roubaix.<\/p><p><strong>Modifications<\/strong><br \/>En acc\u00e9dant et en naviguant sur ce site, l&rsquo;utilisateur est inform\u00e9 de ses droits et obligations et accepte pleinement de se conformer aux pr\u00e9sentes conditions d&rsquo;utilisations du site. L&rsquo;\u00e9diteur du site se r\u00e9serve la possibilit\u00e9 de modifier ces conditions. Il appartient \u00e0 l&rsquo;utilisateur de v\u00e9rifier p\u00e9riodiquement le contenu des documents concern\u00e9s. L&rsquo;\u00e9diteur se r\u00e9serve la possibilit\u00e9 de supprimer ou de modifier en tout ou partie le \u00ab site \u00bb.<\/p><p><strong>Accessibilit\u00e9<\/strong><br \/>Le site est par principe accessible aux utilisateurs 24\/24h et 7\/7j, sauf interruption, programm\u00e9e ou non, pour des besoins de maintenance ou en cas de force majeure.<br \/>En cas d&rsquo;indisponibilit\u00e9 d&rsquo;acc\u00e8s au site, celui-ci s&rsquo;engage \u00e0 faire son maximum afin de r\u00e9tablir l&rsquo;acc\u00e8s.<br \/>Le site ne saurait \u00eatre tenu pour responsable de tout dommage, quelle qu&rsquo;en soit la nature, r\u00e9sultant de son indisponibilit\u00e9.<\/p><p>Vous pouvez \u00e9galement, pour des motifs l\u00e9gitimes, vous opposer au traitement des donn\u00e9es vous concernant. Nous nous engageons \u00e0 prendre toutes pr\u00e9cautions afin de pr\u00e9server la s\u00e9curit\u00e9 de ces informations et notamment emp\u00eacher qu&rsquo;elles ne soient d\u00e9form\u00e9es, endommag\u00e9es ou communiqu\u00e9es \u00e0 des tiers.<\/p>\t\t\t\t\t\t\t\t<\/div>\n\t\t\t\t<\/div>\n\t\t\t\t\t<\/div>\n\t\t\t\t<\/div>\n\t\t\t\t<\/div>\n\t\t","protected":false},"excerpt":{"rendered":"<p>Mentions l\u00e9gales Le site web www.campinglesjorets.fr est la propri\u00e9t\u00e9 de &#8211; Bugand-Bugandet Clara EI- n\u00b0 SIRET : 925 247 231 00010- Appartement n\u00b02 &#8211; 1250 Rte de Champtardy\u00a0&#8211;\u00a073270 BEAUFORT- 07 64 07 01 42- campingdalpagelesjorets@gmail.com Cr\u00e9ateur et h\u00e9bergement du site :\u00a0OVH Groupe SA, soci\u00e9t\u00e9 immatricul\u00e9e au RCS de Lille sous le num\u00e9ro 537 407 926 [&hellip;]<\/p>\n","protected":false},"author":1,"featured_media":0,"parent":0,"menu_order":0,"comment_status":"closed","ping_status":"closed","template":"elementor_header_footer","meta":{"footnotes":""},"class_list":["post-2","page","type-page","status-publish","hentry"],"_links":{"self":[{"href":"https:\/\/campinglesjorets.fr\/index.php\/wp-json\/wp\/v2\/pages\/2","targetHints":{"allow":["GET"]}}],"collection":[{"href":"https:\/\/campinglesjorets.fr\/index.php\/wp-json\/wp\/v2\/pages"}],"about":[{"href":"https:\/\/campinglesjorets.fr\/index.php\/wp-json\/wp\/v2\/types\/page"}],"author":[{"embeddable":true,"href":"https:\/\/campinglesjorets.fr\/index.php\/wp-json\/wp\/v2\/users\/1"}],"replies":[{"embeddable":true,"href":"https:\/\/campinglesjorets.fr\/index.php\/wp-json\/wp\/v2\/comments?post=2"}],"version-history":[{"count":7,"href":"https:\/\/campinglesjorets.fr\/index.php\/wp-json\/wp\/v2\/pages\/2\/revisions"}],"predecessor-version":[{"id":950,"href":"https:\/\/campinglesjorets.fr\/index.php\/wp-json\/wp\/v2\/pages\/2\/revisions\/950"}],"wp:attachment":[{"href":"https:\/\/campinglesjorets.fr\/index.php\/wp-json\/wp\/v2\/media?parent=2"}],"curies":[{"name":"wp","href":"https:\/\/api.w.org\/{rel}","templated":true}]}}